{"id":8153,"date":"2022-10-12T13:32:15","date_gmt":"2022-10-12T13:32:15","guid":{"rendered":"https:\/\/solidus.com\/conditions-dachat\/"},"modified":"2022-10-12T13:32:15","modified_gmt":"2022-10-12T13:32:15","slug":"conditions-dachat","status":"publish","type":"page","link":"https:\/\/solidus.com\/fr\/conditions-dachat\/","title":{"rendered":"Conditions d&#8217;achat"},"content":{"rendered":"<section class=\"av_textblock_section av-kyx0uggv-5e2ee3740e93596446e27ac849f29f17\">\n<h2>Conditions d&#8217;achat<\/h2>\n<p class=\"bodytext\">T\u00e9l\u00e9charger : <a href=\"https:\/\/solidus.com\/wp-content\/uploads\/2023\/03\/Solidus-General-Purchase-Conditions-EN-January-2022.pdf\" rel=\"noopener\">Conditions g\u00e9n\u00e9rales d&#8217;achat Solidus Group BV<\/a><\/p>\n<\/section>\n<section class=\"av_textblock_section av-lbm7o0bq-7d3467258e9b6a4ce71081bbb7c78904\">\n<h2>Code de conduite<\/h2>\n<p class=\"bodytext\">T\u00e9l\u00e9charger : <a href=\"https:\/\/solidus.com\/wp-content\/uploads\/2023\/03\/Solidus-Supplier-Code-and-Code-of-Conduct-EN-November-2022.pdf\" rel=\"noopener\">Code de conduite d&#8217;achat Solidus Group BV<\/a><\/p>\n<\/section>\n<section class=\"av_textblock_section av-av_textblock-2bd894dbf2e4bf2c4acf98ce4fbf94aa\">\n<h2>Coordonn\u00e9es de l&#8217;entreprise<\/h2>\n<p class=\"bodytext\">Adresse de correspondance :<\/p>\n<p class=\"bodytext\"><b>SOLIDUS SOLUTIONS Holding B.V.<br \/>\n<\/b>Postbus 2<br \/>\n9665 ZG Oude Pekela, Pays-Bas<\/p>\n<p class=\"bodytext\">Si\u00e8ge social :<\/p>\n<p class=\"bodytext\"><b>SOLIDUS SOLUTIONS Holding B.V.<br \/>\n<\/b>Hoofdstraat 34 9693 AH Bad Nieuweschans, Pays-Bas<br \/>\nNum\u00e9ro d&#8217;entreprise :<b> <\/b>000031570763<br \/>\nRSIN :<b> <\/b>854872358<br \/>\nCode SBI :<b> <\/b>6420 &#8211;<br \/>\nParticipations financi\u00e8res<br \/>\nNum\u00e9ro de RC :<b> <\/b>62575228<\/p>\n<\/section>\n","protected":false},"excerpt":{"rendered":"<p>Conditions d&#8217;achat T\u00e9l\u00e9charger : Conditions g\u00e9n\u00e9rales d&#8217;achat Solidus Group BV Code de conduite T\u00e9l\u00e9charger : Code de conduite d&#8217;achat Solidus Group BV Coordonn\u00e9es de l&#8217;entreprise<\/p>\n","protected":false},"author":6,"featured_media":0,"parent":0,"menu_order":0,"comment_status":"closed","ping_status":"closed","template":"","meta":{"_acf_changed":false,"_sitemap_exclude":false,"_sitemap_priority":"","_sitemap_frequency":"","footnotes":""},"class_list":["post-8153","page","type-page","status-publish","hentry"],"acf":[],"_links":{"self":[{"href":"https:\/\/solidus.com\/fr\/wp-json\/wp\/v2\/pages\/8153","targetHints":{"allow":["GET"]}}],"collection":[{"href":"https:\/\/solidus.com\/fr\/wp-json\/wp\/v2\/pages"}],"about":[{"href":"https:\/\/solidus.com\/fr\/wp-json\/wp\/v2\/types\/page"}],"author":[{"embeddable":true,"href":"https:\/\/solidus.com\/fr\/wp-json\/wp\/v2\/users\/6"}],"replies":[{"embeddable":true,"href":"https:\/\/solidus.com\/fr\/wp-json\/wp\/v2\/comments?post=8153"}],"version-history":[{"count":0,"href":"https:\/\/solidus.com\/fr\/wp-json\/wp\/v2\/pages\/8153\/revisions"}],"wp:attachment":[{"href":"https:\/\/solidus.com\/fr\/wp-json\/wp\/v2\/media?parent=8153"}],"curies":[{"name":"wp","href":"https:\/\/api.w.org\/{rel}","templated":true}]}}