{"id":8148,"date":"2022-10-12T13:32:27","date_gmt":"2022-10-12T13:32:27","guid":{"rendered":"https:\/\/solidus.com\/conditions-de-vente\/"},"modified":"2022-10-12T13:32:27","modified_gmt":"2022-10-12T13:32:27","slug":"conditions-de-vente","status":"publish","type":"page","link":"https:\/\/solidus.com\/fr\/conditions-de-vente\/","title":{"rendered":"Conditions de vente"},"content":{"rendered":"<section class=\"av_textblock_section av-kz8dkj2j-66a285771ce3b13cc52edc92da7d684f\">\n<h2>Conditions g\u00e9n\u00e9rales de vente<\/h2>\n<p class=\"bodytext\">T\u00e9l\u00e9chargez <a href=\"https:\/\/solidus.com\/wp-content\/uploads\/2023\/03\/Solidus-Terms-and-Conditions-of-Sales-EN-November-2022.pdf\" rel=\"noopener noreferrer\">: Conditions g\u00e9n\u00e9rales de vente<\/a><\/p>\n<\/section>\n","protected":false},"excerpt":{"rendered":"<p>Conditions g\u00e9n\u00e9rales de vente T\u00e9l\u00e9chargez : Conditions g\u00e9n\u00e9rales de vente<\/p>\n","protected":false},"author":6,"featured_media":0,"parent":0,"menu_order":0,"comment_status":"closed","ping_status":"closed","template":"","meta":{"_acf_changed":false,"_sitemap_exclude":false,"_sitemap_priority":"","_sitemap_frequency":"","footnotes":""},"class_list":["post-8148","page","type-page","status-publish","hentry"],"acf":[],"_links":{"self":[{"href":"https:\/\/solidus.com\/fr\/wp-json\/wp\/v2\/pages\/8148","targetHints":{"allow":["GET"]}}],"collection":[{"href":"https:\/\/solidus.com\/fr\/wp-json\/wp\/v2\/pages"}],"about":[{"href":"https:\/\/solidus.com\/fr\/wp-json\/wp\/v2\/types\/page"}],"author":[{"embeddable":true,"href":"https:\/\/solidus.com\/fr\/wp-json\/wp\/v2\/users\/6"}],"replies":[{"embeddable":true,"href":"https:\/\/solidus.com\/fr\/wp-json\/wp\/v2\/comments?post=8148"}],"version-history":[{"count":0,"href":"https:\/\/solidus.com\/fr\/wp-json\/wp\/v2\/pages\/8148\/revisions"}],"wp:attachment":[{"href":"https:\/\/solidus.com\/fr\/wp-json\/wp\/v2\/media?parent=8148"}],"curies":[{"name":"wp","href":"https:\/\/api.w.org\/{rel}","templated":true}]}}