{"id":8122,"date":"2022-10-12T13:31:59","date_gmt":"2022-10-12T13:31:59","guid":{"rendered":"https:\/\/solidus.com\/declaration-de-confidentialite\/"},"modified":"2022-10-12T13:31:59","modified_gmt":"2022-10-12T13:31:59","slug":"declaration-de-confidentialite","status":"publish","type":"page","link":"https:\/\/solidus.com\/fr\/declaration-de-confidentialite\/","title":{"rendered":"D\u00e9claration de confidentialit\u00e9."},"content":{"rendered":"<section class=\"av_textblock_section av-av_textblock-2bd894dbf2e4bf2c4acf98ce4fbf94aa\">\n<p class=\"bodytext\">Solidus s&#8217;engage \u00e0 prot\u00e9ger votre vie priv\u00e9e et vos donn\u00e9es \u00e0 caract\u00e8re personnel. Cette d\u00e9claration de confidentialit\u00e9 (\u00ab\u00a0D\u00e9claration de confidentialit\u00e9\u00a0\u00bb) explique comment Solidus et ses partenaires autoris\u00e9s et affili\u00e9s (\u00ab\u00a0Solidus\u00a0\u00bb) traitent les donn\u00e9es \u00e0 caract\u00e8re personnel en rapport avec Solidus-Solutions.com et d&#8217;autres sites web de Solidus (\u00ab\u00a0Site web\u00a0\u00bb).<\/p>\n<p class=\"bodytext\">Dans la pr\u00e9sente D\u00e9claration de confidentialit\u00e9, le terme \u00ab\u00a0donn\u00e9es \u00e0 caract\u00e8re personnel\u00a0\u00bb d\u00e9signe toute information vous concernant qui est personnellement identifiable, comme votre nom, votre adresse, votre num\u00e9ro de t\u00e9l\u00e9phone, votre adresse \u00e9lectronique ou toute autre information personnelle que vous pourriez fournir.<\/p>\n<p class=\"bodytext\">Veuillez lire attentivement la pr\u00e9sente d\u00e9claration de confidentialit\u00e9 avant d&#8217;acc\u00e9der au Site web. Si vous n&#8217;\u00eates pas d&#8217;accord avec la pr\u00e9sente d\u00e9claration de confidentialit\u00e9, nous attendons de vous que vous quittiez ce Site web.<\/p>\n<h2>DONN\u00c9ES \u00c0 CARACT\u00c8RE PERSONNEL<\/h2>\n<p class=\"bodytext\">Solidus traite vos donn\u00e9es \u00e0 caract\u00e8re personnel conform\u00e9ment \u00e0 la directive europ\u00e9enne 95\/46\/CE sur la protection des donn\u00e9es et \u00e0 la l\u00e9gislation nationale sur les donn\u00e9es \u00e0 caract\u00e8re personnel transposant ladite directive.<\/p>\n<p class=\"bodytext\">Solidus peut recueillir des informations personnelles que vous soumettez volontairement lorsque vous utilisez le Site web. En utilisant ce site web ou en soumettant vos donn\u00e9es \u00e0 caract\u00e8re personnel, vous acceptez que Solidus traite les donn\u00e9es \u00e0 caract\u00e8re personnel comme d\u00e9crit plus en d\u00e9tail dans le pr\u00e9sent document.<\/p>\n<p class=\"bodytext\">Solidus vous avertit toujours lorsqu&#8217;elle recueille des donn\u00e9es \u00e0 caract\u00e8re personnel par l&#8217;interm\u00e9diaire du site web.<\/p>\n<p class=\"bodytext\">Les donn\u00e9es \u00e0 caract\u00e8re personnel collect\u00e9es par le biais du site consistent en des informations g\u00e9n\u00e9rales de contact et des informations personnelles, telles que le nom, l&#8217;adresse, l&#8217;e-mail, le t\u00e9l\u00e9phone, l&#8217;organisation de l&#8217;abonn\u00e9, des informations sur les demandes de contact des personnes, des informations n\u00e9cessaires au recrutement et aux RH, ainsi que d&#8217;autres informations n\u00e9cessaires \u00e0 la gestion du Site web et \u00e0 la fourniture des services qu&#8217;il contient.<\/p>\n<h2>FINALIT\u00c9 DU TRAITEMENT<\/h2>\n<p class=\"bodytext\">Les donn\u00e9es \u00e0 caract\u00e8re personnel collect\u00e9es par l&#8217;interm\u00e9diaire du Site web sont trait\u00e9es aux fins suivantes<\/p>\n<p class=\"bodytext\">&#8211; gestion des relations avec les clients, les investisseurs et les m\u00e9dias et la communication,<br \/>\n&#8211; traitement des demandes de contact et des inscriptions aux cours,<br \/>\n&#8211; fourniture d&#8217;informations commerciales,<br \/>\n&#8211; recrutement et la gestion des ressources humaines, et<br \/>\n&#8211; d&#8217;autres questions li\u00e9es \u00e0 la gestion et au d\u00e9veloppement du Site web et des services qui y sont fournis.<\/p>\n<p class=\"bodytext\">Nous ne les conserverons pas plus longtemps que la dur\u00e9e l\u00e9gale n\u00e9cessaire \u00e0 la r\u00e9alisation de ces objectifs.<\/p>\n<h2>TRANSFERTS DE DONN\u00c9ES \u00c0 CARACT\u00c8RE PERSONNEL<\/h2>\n<p class=\"bodytext\">Les donn\u00e9es \u00e0 caract\u00e8re personnel peuvent \u00eatre transf\u00e9r\u00e9es au sein du groupe de soci\u00e9t\u00e9s Solidus. Des prestataires de services tiers autoris\u00e9s peuvent \u00eatre utilis\u00e9s pour traiter des donn\u00e9es \u00e0 caract\u00e8re personnel au nom des soci\u00e9t\u00e9s du groupe Solidus eu \u00e9gard aux besoins commerciaux de Solidus.<\/p>\n<p class=\"bodytext\">Les donn\u00e9es \u00e0 caract\u00e8re personnel peuvent \u00eatre transf\u00e9r\u00e9es vers des pays situ\u00e9s en dehors de l&#8217;UE ou de l&#8217;EEE. Ces transferts sont effectu\u00e9s conform\u00e9ment \u00e0 la directive europ\u00e9enne sur la protection des donn\u00e9es et \u00e0 la l\u00e9gislation nationale sur les donn\u00e9es \u00e0 caract\u00e8re personnel qui la transpose. La base du transfert est constitu\u00e9e par les clauses types approuv\u00e9es par la Commission europ\u00e9enne.<\/p>\n<p class=\"bodytext\">En soumettant vos donn\u00e9es \u00e0 caract\u00e8re personnel, vous acceptez ce transfert, ce stockage ou ce traitement. Solidus prendra toutes les mesures raisonnablement n\u00e9cessaires pour garantir que vos donn\u00e9es sont trait\u00e9es en toute s\u00e9curit\u00e9 et conform\u00e9ment \u00e0 la pr\u00e9sente politique de confidentialit\u00e9. Solidus se r\u00e9serve le droit de transf\u00e9rer des donn\u00e9es \u00e0 caract\u00e8re personnel lorsque la loi ou les autorit\u00e9s l&#8217;exigent. Solidus peut fournir des statistiques globales sur ses clients, ses ventes, ses sch\u00e9mas de trafic et d&#8217;autres informations li\u00e9es au Site web \u00e0 des tiers de bonne r\u00e9putation, mais ces statistiques n&#8217;incluront pas de donn\u00e9es \u00e0 caract\u00e8re personnel.<\/p>\n<h2>VOS DROITS<\/h2>\n<p class=\"bodytext\">Vous avez le droit de savoir quelles sont les donn\u00e9es \u00e0 caract\u00e8re personnel que nous d\u00e9tenons \u00e0 votre sujet. Vous pouvez contacter Solidus afin de v\u00e9rifier l&#8217;exactitude des donn\u00e9es \u00e0 caract\u00e8re personnel vous concernant. \u00c0 votre demande, Solidus rectifiera ou effacera toute donn\u00e9e \u00e0 caract\u00e8re personnel incompl\u00e8te, inexacte ou p\u00e9rim\u00e9e.<\/p>\n<p>Si vous avez donn\u00e9 votre consentement pour le traitement de vos donn\u00e9es \u00e0 caract\u00e8re personnel, vous avez le droit de retirer ce consentement en envoyant un e-mail \u00e0 compliance@solidus-solutions.com. Apr\u00e8s avoir examin\u00e9 votre demande, Solidus effacera vos donn\u00e9es \u00e0 caract\u00e8re personnel.<\/p>\n<h2>ADRESSES IP, COOKIES ET AUTRES OUTILS<\/h2>\n<p class=\"bodytext\">Solidus peut recueillir des informations sur votre ordinateur, y compris, le cas \u00e9ch\u00e9ant, votre adresse IP, votre syst\u00e8me d&#8217;exploitation et votre type de navigateur, ainsi que pour l&#8217;administration du syst\u00e8me. Il s&#8217;agit de donn\u00e9es statistiques sur les actions et les sch\u00e9mas de navigation des utilisateurs de Solidus, qui ne permettent pas d&#8217;identifier un individu.<\/p>\n<p class=\"bodytext\">Pour la m\u00eame raison, Solidus peut obtenir des informations sur votre utilisation du Site web de Solidus en utilisant un fichier cookie qui est stock\u00e9 sur le disque dur de votre ordinateur. Les cookies contiennent des informations qui sont transf\u00e9r\u00e9es sur le disque dur de votre ordinateur. Elles nous aident \u00e0 am\u00e9liorer notre site et \u00e0 fournir un service meilleur et plus personnalis\u00e9. Elles nous permettent d&#8217;agir pour :<\/p>\n<p class=\"bodytext\">&#8211; estimer la taille de notre public et ses habitudes d&#8217;utilisation ;<\/p>\n<p class=\"bodytext\">&#8211; stocker des informations sur vos pr\u00e9f\u00e9rences et nous permettre ainsi de personnaliser notre site en fonction de vos int\u00e9r\u00eats individuels ;<\/p>\n<p class=\"bodytext\">&#8211; acc\u00e9l\u00e9rer vos recherches ;<\/p>\n<p class=\"bodytext\">&#8211; vous reconna\u00eetre lorsque vous revenez sur notre site.<\/p>\n<p class=\"bodytext\">Vous pouvez refuser d&#8217;accepter les cookies en activant le param\u00e8tre de votre navigateur qui vous permet de refuser l&#8217;installation de cookies. Cependant, si vous s\u00e9lectionnez ce param\u00e8tre, il se peut que vous ne puissiez pas acc\u00e9der \u00e0 certaines parties du Site web. \u00c0 moins que vous n&#8217;ayez configur\u00e9 votre navigateur de mani\u00e8re \u00e0 ce qu&#8217;il refuse les cookies, le syst\u00e8me de Solidus \u00e9met des cookies lorsque vous vous connectez \u00e0 notre site. En outre, Solidus pourrait utiliser les adresses IP des entreprises pour la g\u00e9n\u00e9ration de prospects et l&#8217;exploration de nouvelles perspectives sans identifier aucune personne.<\/p>\n<h2>GOOGLE ANALYTICS<\/h2>\n<p class=\"bodytext\">Ce Site web utilise Google Analytics, un service d&#8217;analyse du web fourni par Google Inc. (\u00ab\u00a0Google\u00a0\u00bb). Les informations g\u00e9n\u00e9r\u00e9es par les cookies concernant votre utilisation du Site web (y compris votre adresse IP) seront transmises et stock\u00e9es par Google sur des serveurs situ\u00e9s aux \u00c9tats-Unis.<\/p>\n<p class=\"bodytext\">Google utilisera ces informations dans le but d&#8217;\u00e9valuer votre utilisation du site, de compiler des rapports sur l&#8217;activit\u00e9 du site pour les op\u00e9rateurs du site et de fournir d&#8217;autres services li\u00e9s \u00e0 l&#8217;activit\u00e9 du site et \u00e0 l&#8217;utilisation d&#8217;Internet. Google peut \u00e9galement transf\u00e9rer ces informations \u00e0 des tiers si la loi l&#8217;exige ou si ces tiers traitent les informations pour le compte de Google.<\/p>\n<p class=\"bodytext\">Google n&#8217;associera pas votre adresse IP \u00e0 d&#8217;autres donn\u00e9es d\u00e9tenues par Google. Vous pouvez refuser l&#8217;utilisation de cookies en s\u00e9lectionnant les param\u00e8tres appropri\u00e9s de votre navigateur, mais veuillez noter que dans ce cas, vous risquez de ne pas pouvoir utiliser toutes les fonctions de ce site web. En utilisant ce site web, vous consentez au traitement des donn\u00e9es vous concernant par Google de la mani\u00e8re et dans la finalit\u00e9 d\u00e9crites ci-dessus.<\/p>\n<h2>DESCRIPTIONS DES FICHIERS ET CONTACT AVEC LES SOLUTIONS SOLIDUS<\/h2>\n<p>Si vous avez des questions concernant la pr\u00e9sente D\u00e9claration de confidentialit\u00e9 ou si vous \u00eates pr\u00e9occup\u00e9 par la mani\u00e8re dont vos donn\u00e9es \u00e0 caract\u00e8re personnel sont trait\u00e9es par Solidus, veuillez contacter Solidus en envoyant un e-mail \u00e0 compliance@solidus-solutions.com.<\/p>\n<h2>MODIFICATIONS DE LA D\u00c9CLARATION DE CONFIDENTIALIT\u00c9<\/h2>\n<p>Solidus se r\u00e9serve le droit de modifier \u00e0 tout moment la pr\u00e9sente D\u00e9claration de confidentialit\u00e9 et la description du fichier li\u00e9. Solidus informera les parties prenantes si ces modifications ont un impact sur leur vie priv\u00e9e.<\/p>\n<p>Derni\u00e8re mise \u00e0 jour : janvier 2020 (version 3.0)<\/p>\n<\/section>\n<section class=\"av_textblock_section av-av_textblock-2bd894dbf2e4bf2c4acf98ce4fbf94aa\">\nConditions g\u00e9n\u00e9rales de vente<\/p>\n<p class=\"bodytext\">T\u00e9l\u00e9chargez <a href=\"https:\/\/solidus.com\/wp-content\/uploads\/2023\/02\/General_conditions_of_sales_EN.pdf\" rel=\"noopener noreferrer\" target=\"_blank\">: Conditions g\u00e9n\u00e9rales de vente<\/a><\/p>\n<\/section>\n<section class=\"av_textblock_section av-av_textblock-2bd894dbf2e4bf2c4acf98ce4fbf94aa\">\n<h2>Coordonn\u00e9es de l&#8217;entreprise<\/h2>\n<p class=\"bodytext\">Adresse de correspondance :<\/p>\n<p class=\"bodytext\"><b>Solidus Holding B.V.<br \/>\n<\/b>Postbus 2<br \/>\n9665 ZG Oude Pekela, Pays-Bas<\/p>\n<p class=\"bodytext\">Si\u00e8ge social :<\/p>\n<p class=\"bodytext\"><b>Solidus Holding B.V.<br \/>\n<\/b>Hoofdstraat 34 9693 AH Bad Nieuweschans, Pays-Bas<br \/>\nNum\u00e9ro d&#8217;entreprise :<b> <\/b>000031570763<br \/>\nRSIN :<b> <\/b>854872358<br \/>\nCode SBI :<b> <\/b>6420 &#8211; Participations financi\u00e8res<br \/>\nNum\u00e9ro de RC :<b> <\/b>62575228<\/p>\n<\/section>\n","protected":false},"excerpt":{"rendered":"<p>Solidus s&#8217;engage \u00e0 prot\u00e9ger votre vie priv\u00e9e et vos donn\u00e9es \u00e0 caract\u00e8re personnel. Cette d\u00e9claration de confidentialit\u00e9 (\u00ab\u00a0D\u00e9claration de confidentialit\u00e9\u00a0\u00bb) explique comment Solidus et ses<\/p>\n","protected":false},"author":6,"featured_media":0,"parent":0,"menu_order":0,"comment_status":"closed","ping_status":"closed","template":"","meta":{"_acf_changed":false,"_sitemap_exclude":false,"_sitemap_priority":"","_sitemap_frequency":"","footnotes":""},"class_list":["post-8122","page","type-page","status-publish","hentry"],"acf":[],"_links":{"self":[{"href":"https:\/\/solidus.com\/fr\/wp-json\/wp\/v2\/pages\/8122","targetHints":{"allow":["GET"]}}],"collection":[{"href":"https:\/\/solidus.com\/fr\/wp-json\/wp\/v2\/pages"}],"about":[{"href":"https:\/\/solidus.com\/fr\/wp-json\/wp\/v2\/types\/page"}],"author":[{"embeddable":true,"href":"https:\/\/solidus.com\/fr\/wp-json\/wp\/v2\/users\/6"}],"replies":[{"embeddable":true,"href":"https:\/\/solidus.com\/fr\/wp-json\/wp\/v2\/comments?post=8122"}],"version-history":[{"count":0,"href":"https:\/\/solidus.com\/fr\/wp-json\/wp\/v2\/pages\/8122\/revisions"}],"wp:attachment":[{"href":"https:\/\/solidus.com\/fr\/wp-json\/wp\/v2\/media?parent=8122"}],"curies":[{"name":"wp","href":"https:\/\/api.w.org\/{rel}","templated":true}]}}