{"id":8121,"date":"2022-10-12T13:32:05","date_gmt":"2022-10-12T13:32:05","guid":{"rendered":"https:\/\/solidus.com\/avis-juridique\/"},"modified":"2022-10-12T13:32:05","modified_gmt":"2022-10-12T13:32:05","slug":"avis-juridique","status":"publish","type":"page","link":"https:\/\/solidus.com\/fr\/avis-juridique\/","title":{"rendered":"Avis juridique"},"content":{"rendered":"<p class=\"bodytext\">En acc\u00e9dant au site web de SOLIDUS SOLUTIONS et en l&#8217;utilisant, vous acceptez les conditions g\u00e9n\u00e9rales suivantes. N&#8217;utilisez pas ces pages si vous n&#8217;acceptez pas l&#8217;ensemble des conditions suivantes.<\/p>\n<p class=\"bodytext\">Ces pages web, y compris le contenu ainsi que la s\u00e9lection et la pr\u00e9sentation du contenu de chaque page individuelle, de l&#8217;ensemble des pages et des donn\u00e9es ou autres mat\u00e9riels accessibles via les pages, sont la propri\u00e9t\u00e9 exclusive de SOLIDUS SOLUTIONS. Tous droits r\u00e9serv\u00e9s.<\/p>\n<p class=\"bodytext\">Vous \u00eates autoris\u00e9(e) \u00e0 stocker des extraits des pages de SOLIDUS SOLUTIONS sur votre ordinateur et \u00e0 en imprimer des copies pour votre usage personnel et non commercial uniquement, ainsi qu&#8217;\u00e0 afficher et \u00e0 montrer les pages de SOLIDUS SOLUTIONS au public. Vous \u00eates autoris\u00e9(e) \u00e0 utiliser et \u00e0 distribuer les extraits mineurs n\u00e9cessaires des pages de SOLIDUS SOLUTIONS pour fournir un lien direct vers les pages ou un lien par les services de recherche sur Internet. Tout autre type d&#8217;utilisation, de reproduction, de traduction, d&#8217;adaptation, d&#8217;arrangement, d&#8217;alt\u00e9ration, de distribution ou de stockage des pages de SOLIDUS SOLUTIONS sous quelque forme et par quelque moyen que ce soit, en tout ou en partie, sans l&#8217;autorisation \u00e9crite pr\u00e9alable de SOLIDUS SOLUTIONS est interdit.<\/p>\n<p class=\"bodytext\">Les pages web de SOLIDUS SOLUTIONS sont fournies en l&#8217;\u00e9tat et sans garantie d&#8217;aucune sorte, expresse ou implicite, concernant l&#8217;exactitude, la pr\u00e9cision, la fiabilit\u00e9 ou la disponibilit\u00e9 de ces pages ou autre. SOLIDUS SOLUTIONS ne garantit pas que ces pages ou le serveur qui les met \u00e0 disposition sont exempts de virus ou d&#8217;autres composants nuisibles. SOLIDUS SOLUTIONS se r\u00e9serve le droit de r\u00e9viser les pages web ou d&#8217;en retirer l&#8217;acc\u00e8s \u00e0 tout moment. SOLIDUS SOLUTIONS n&#8217;assume aucune responsabilit\u00e9 pour le mat\u00e9riel cr\u00e9\u00e9 ou publi\u00e9 par des tiers vers lesquels les pages web de SOLIDUS SOLUTIONS contiennent un lien.<\/p>\n<p class=\"bodytext\">En aucun cas, y compris mais sans s&#8217;y limiter, la n\u00e9gligence, SOLIDUS SOLUTIONS, ni aucun de ses directeurs, cadres ou travailleurs ne sera responsable des dommages directs, indirects, sp\u00e9ciaux, accessoires ou cons\u00e9cutifs, quels qu&#8217;ils soient, r\u00e9sultant de l&#8217;utilisation ou de l&#8217;incapacit\u00e9 \u00e0 utiliser ces pages.<\/p>\n<p class=\"bodytext\">La marque SOLIDUS SOLUTIONS et les noms commerciaux associ\u00e9s sont utilis\u00e9s sous licence de GIP Development SARL, www.gip-development.lu. Si vous t\u00e9l\u00e9chargez des informations ou du mat\u00e9riel \u00e0 partir de ce site, vous vous engagez \u00e0 ne pas les copier ni \u00e0 supprimer ou masquer les droits d&#8217;auteur ou autres avis ou l\u00e9gendes contenus dans ces informations.<\/p>\n<p class=\"bodytext\"><span lang=\"fr-BE\">Ce site est accessible depuis plusieurs pays du monde. Comme chacun de ces pays a une l\u00e9gislation qui peut diff\u00e9rer de celles des Pays-Bas, en acc\u00e9dant \u00e0 ce site web, vous acceptez que les lois des Pays-Bas s&#8217;appliquent \u00e0 toutes les questions d\u00e9coulant de ou li\u00e9es \u00e0 l&#8217;utilisation et au contenu de ce site web ou aux informations qui vous sont fournies par l&#8217;interm\u00e9diaire de ce site web. Vous acceptez \u00e9galement de vous soumettre \u00e0 la juridiction exclusive des tribunaux comp\u00e9tents des Pays-Bas en ce qui concerne ces questions.<\/span><\/p>\n<p><strong>Conception, design et r\u00e9alisation<\/strong><\/p>\n<p>Benner+Partner GmbH<br \/>\nImmenhoferstra\u00dfe 17\/1 70180 Stuttgart<\/p>\n<p>T\u00e9l.\u00a0: +49-711-23952-0<br \/>\nE-Mail\u00a0: <a href=\"mailto:stuttgart@benner-partner.de\">stuttgart@benner-partner.de<\/a><\/p>\n","protected":false},"excerpt":{"rendered":"<p>En acc\u00e9dant au site web de SOLIDUS SOLUTIONS et en l&#8217;utilisant, vous acceptez les conditions g\u00e9n\u00e9rales suivantes. N&#8217;utilisez pas ces pages si vous n&#8217;acceptez pas<\/p>\n","protected":false},"author":6,"featured_media":0,"parent":0,"menu_order":0,"comment_status":"closed","ping_status":"closed","template":"","meta":{"_acf_changed":false,"_sitemap_exclude":false,"_sitemap_priority":"","_sitemap_frequency":"","footnotes":""},"class_list":["post-8121","page","type-page","status-publish","hentry"],"acf":[],"_links":{"self":[{"href":"https:\/\/solidus.com\/fr\/wp-json\/wp\/v2\/pages\/8121","targetHints":{"allow":["GET"]}}],"collection":[{"href":"https:\/\/solidus.com\/fr\/wp-json\/wp\/v2\/pages"}],"about":[{"href":"https:\/\/solidus.com\/fr\/wp-json\/wp\/v2\/types\/page"}],"author":[{"embeddable":true,"href":"https:\/\/solidus.com\/fr\/wp-json\/wp\/v2\/users\/6"}],"replies":[{"embeddable":true,"href":"https:\/\/solidus.com\/fr\/wp-json\/wp\/v2\/comments?post=8121"}],"version-history":[{"count":0,"href":"https:\/\/solidus.com\/fr\/wp-json\/wp\/v2\/pages\/8121\/revisions"}],"wp:attachment":[{"href":"https:\/\/solidus.com\/fr\/wp-json\/wp\/v2\/media?parent=8121"}],"curies":[{"name":"wp","href":"https:\/\/api.w.org\/{rel}","templated":true}]}}