{"id":5878,"date":"2022-10-12T13:31:59","date_gmt":"2022-10-12T13:31:59","guid":{"rendered":"https:\/\/solidus.com\/declaracion-de-privacidad\/"},"modified":"2022-10-12T13:31:59","modified_gmt":"2022-10-12T13:31:59","slug":"declaracion-de-privacidad","status":"publish","type":"page","link":"https:\/\/solidus.com\/es\/declaracion-de-privacidad\/","title":{"rendered":"Declaraci\u00f3n de privacidad"},"content":{"rendered":"<section class=\"av_textblock_section av-av_textblock-2bd894dbf2e4bf2c4acf98ce4fbf94aa\">\n<p class=\"bodytext\">Solidus se compromete a proteger su privacidad y sus datos personales. Esta declaraci\u00f3n de privacidad (&#8220;Declaraci\u00f3n de Privacidad&#8221;) explica c\u00f3mo Solidus y sus socios y afiliados autorizados (&#8220;Solidus&#8221;) procesan los datos personales en relaci\u00f3n con Solidus-Solutions.com y otros sitios Web de Solidus (&#8220;Sitio Web&#8221;).<\/p>\n<p class=\"bodytext\">Tal y como se utiliza en esta Declaraci\u00f3n de Privacidad, el t\u00e9rmino &#8220;datos personales&#8221; significa cualquier informaci\u00f3n sobre usted que sea personalmente identificable, como su nombre, direcci\u00f3n, n\u00famero de tel\u00e9fono, direcci\u00f3n de correo electr\u00f3nico o cualquier otra informaci\u00f3n personal que pueda facilitarnos.<\/p>\n<p class=\"bodytext\">Lea atentamente esta Declaraci\u00f3n de Privacidad antes de acceder al sitio web. Si no est\u00e1 de acuerdo con esta Declaraci\u00f3n de Privacidad, esperamos que abandone este sitio web.<\/p>\n<h2>DATOS PERSONALES<\/h2>\n<p class=\"bodytext\">Solidus procesa sus datos personales de conformidad con la Directiva 95\/46\/CE sobre protecci\u00f3n de datos de la CE y la legislaci\u00f3n nacional sobre datos personales que transpone la directiva.<\/p>\n<p class=\"bodytext\">Solidus puede recopilar informaci\u00f3n personal que usted env\u00ede voluntariamente al utilizar el Sitio Web. Al utilizar este Sitio Web o al enviar sus datos personales, usted acepta que Solidus procese sus datos personales tal y como se describe en el presente documento.<\/p>\n<p class=\"bodytext\">Solidus siempre le notifica cuando recopila datos personales a trav\u00e9s del sitio web.<\/p>\n<p class=\"bodytext\">Los datos personales que se recogen a trav\u00e9s del sitio web consisten en informaci\u00f3n general de contacto y personal, como el nombre, la direcci\u00f3n, el correo electr\u00f3nico, el tel\u00e9fono, la organizaci\u00f3n del abonado, informaci\u00f3n sobre solicitudes de contacto de personas, informaci\u00f3n necesaria para fines de contrataci\u00f3n y recursos humanos, as\u00ed como otra informaci\u00f3n necesaria para gestionar el sitio web y prestar los servicios que en \u00e9l se ofrecen.<\/p>\n<h2>FINALIDAD DEL TRATAMIENTO<\/h2>\n<p class=\"bodytext\">Los datos personales recogidos a trav\u00e9s del Sitio Web se procesan con el fin de<\/p>\n<p class=\"bodytext\">&#8211; gesti\u00f3n y comunicaci\u00f3n con clientes, inversores y medios de comunicaci\u00f3n,<br \/>\n &#8211; gesti\u00f3n de solicitudes de contacto y suscripciones a cursos,<br \/>\n &#8211; suministro de informaci\u00f3n de marketing,<br \/>\n &#8211; contrataci\u00f3n de personal y recursos humanos, y<br \/>\n &#8211; gesti\u00f3n de otros asuntos relacionados con la gesti\u00f3n y el desarrollo del sitio web y los servicios que en \u00e9l se prestan.<\/p>\n<p class=\"bodytext\">No lo conservaremos durante m\u00e1s tiempo del legalmente necesario para estos fines.<\/p>\n<h2>TRANSFERENCIAS DE DATOS PERSONALES<\/h2>\n<p class=\"bodytext\">Los datos personales pueden transferirse dentro del grupo de empresas Solidus. Se puede recurrir a terceros proveedores de servicios autorizados para procesar datos personales en nombre de las empresas del grupo Solidus en relaci\u00f3n con las necesidades comerciales de Solidus.<\/p>\n<p class=\"bodytext\">Los datos personales pueden transferirse a pa\u00edses fuera de la UE o del EEE. Dichas transferencias se llevan a cabo de conformidad con la Directiva comunitaria sobre protecci\u00f3n de datos y la legislaci\u00f3n nacional sobre datos personales por la que se aplica la Directiva. La transferencia se basa en las cl\u00e1usulas modelo aprobadas por la Comisi\u00f3n Europea.<\/p>\n<p class=\"bodytext\">Al enviar sus datos personales, usted acepta esta transferencia, almacenamiento o tratamiento. Solidus tomar\u00e1 todas las medidas razonablemente necesarias para garantizar que sus datos sean tratados de forma segura y de acuerdo con esta pol\u00edtica de privacidad. Solidus se reserva el derecho a transferir datos personales cuando as\u00ed lo exijan las leyes o autoridades obligatorias. Solidus puede proporcionar estad\u00edsticas globales sobre sus clientes, ventas, patrones de tr\u00e1fico y otra informaci\u00f3n relacionada con el Sitio Web a terceros de confianza, pero estas estad\u00edsticas no incluir\u00e1n datos personales.<\/p>\n<h2>SUS DERECHOS<\/h2>\n<p class=\"bodytext\">Tiene derecho a saber qu\u00e9 datos personales tenemos sobre usted. Puede ponerse en contacto con Solidus para revisar la exactitud de los datos personales relacionados con usted. A petici\u00f3n suya, Solidus rectificar\u00e1 o borrar\u00e1 cualquier dato personal incompleto, inexacto o anticuado.<\/p>\n<p>Si ha dado su permiso para el tratamiento de sus datos personales, tiene derecho a retirarlo enviando un correo electr\u00f3nico a compliance@solidus-solutions.com. Tras revisar su solicitud, Solidus borrar\u00e1 sus datos personales.<\/p>\n<h2>DIRECCIONES IP, COOKIES Y OTRAS HERRAMIENTAS<\/h2>\n<p class=\"bodytext\">Solidus puede recopilar informaci\u00f3n sobre su ordenador, incluyendo cuando est\u00e9 disponible su direcci\u00f3n IP, sistema operativo y tipo de navegador y para la administraci\u00f3n del sistema. Se trata de datos estad\u00edsticos sobre las acciones y pautas de navegaci\u00f3n de los usuarios de Solidus, y no identifican a ninguna persona.<\/p>\n<p class=\"bodytext\">Por la misma raz\u00f3n, Solidus puede obtener informaci\u00f3n sobre su uso del Sitio Web de Solidus utilizando un archivo cookie que se almacena en el disco duro de su ordenador. Las cookies contienen informaci\u00f3n que se transfiere al disco duro de su ordenador. Nos ayudan a mejorar nuestro sitio y a prestar un servicio mejor y m\u00e1s personalizado. Nos permiten:<\/p>\n<p class=\"bodytext\">&#8211; Estimar el tama\u00f1o de nuestra audiencia y el patr\u00f3n de uso.<\/p>\n<p class=\"bodytext\">&#8211; Almacenar informaci\u00f3n sobre sus preferencias, y as\u00ed permitirnos personalizar nuestro sitio de acuerdo con sus intereses individuales.<\/p>\n<p class=\"bodytext\">&#8211; Agilizar sus b\u00fasquedas.<\/p>\n<p class=\"bodytext\">&#8211; Reconocerle cuando vuelve a nuestro sitio.<\/p>\n<p class=\"bodytext\">Puede negarse a aceptar cookies activando la configuraci\u00f3n de su navegador que le permite rechazar la instalaci\u00f3n de cookies. No obstante, si selecciona esta opci\u00f3n, es posible que no pueda acceder a determinadas partes del sitio web. A menos que haya ajustado la configuraci\u00f3n de su navegador para que rechace las cookies, el sistema de Solidus emitir\u00e1 cookies cuando se conecte a nuestro sitio. Adem\u00e1s, Solidus podr\u00eda utilizar las direcciones IP de las empresas para generar clientes potenciales y explorar nuevas perspectivas sin identificar a ninguna persona.<\/p>\n<h2>GOOGLE ANALYTICS<\/h2>\n<p class=\"bodytext\">Este sitio web utiliza Google Analytics, un servicio anal\u00edtico de web prestado por Google Inc. (&#8220;Google&#8221;). La informaci\u00f3n que genera la cookie acerca de su uso del Sitio Web (incluyendo su direcci\u00f3n IP) ser\u00e1 directamente transmitida y archivada por Google en los servidores de Estados Unidos.<\/p>\n<p class=\"bodytext\">Google usar\u00e1 esta informaci\u00f3n por cuenta nuestra con el prop\u00f3sito de seguir la pista de su uso del sitio web, recopilando informes de la actividad del sitio web y prestando otros servicios relacionados con la actividad del sitio web y el uso de Internet. Google podr\u00e1 transmitir dicha informaci\u00f3n a terceros cuando as\u00ed se lo requiera la legislaci\u00f3n, o cuando dichos terceros procesen la informaci\u00f3n por cuenta de Google.<\/p>\n<p class=\"bodytext\">Google no asociar\u00e1 su direcci\u00f3n IP con ning\u00fan otro dato del que disponga Google. Usted puede rechazar el uso de cookies seleccionando la configuraci\u00f3n apropiada en su navegador; no obstante, tenga en cuenta que si lo hace es posible que no pueda utilizar todas las funciones de este sitio web. Al utilizar este sitio web, usted acepta el tratamiento de informaci\u00f3n acerca de usted por parte de Google en la forma y para los fines arriba indicados.<\/p>\n<h2>DESCRIPCI\u00d3N DE LOS ARCHIVOS Y CONTACTO CON SOLIDUS SOLUTIONS<\/h2>\n<p>Si tiene alguna pregunta sobre esta Declaraci\u00f3n de Privacidad o si le preocupa c\u00f3mo Solidus procesa sus datos personales, p\u00f3ngase en contacto con Solidus enviando un correo electr\u00f3nico a compliance@solidus-solutions.com.<\/p>\n<h2>CAMBIOS EN LA DECLARACI\u00d3N DE PRIVACIDAD<\/h2>\n<p>Solidus se reserva el derecho de modificar esta Declaraci\u00f3n de Privacidad en cualquier momento, as\u00ed como la descripci\u00f3n del archivo vinculada. Solidus informar\u00e1 a las partes interesadas si dichas modificaciones afectan a su privacidad.<\/p>\n<p>\u00daltima actualizaci\u00f3n: enero de 2020 (versi\u00f3n 3.0)<\/p>\n<\/section>\n<section class=\"av_textblock_section av-av_textblock-2bd894dbf2e4bf2c4acf98ce4fbf94aa\">\n<p>Condiciones generales de venta<\/p>\n<p class=\"bodytext\">Descargar: <a href=\"https:\/\/solidus.com\/wp-content\/uploads\/2023\/02\/General_conditions_of_sales_EN.pdf\" rel=\"noopener noreferrer\" target=\"_blank\">Condiciones generales de venta<\/a><\/p>\n<\/section>\n<section class=\"av_textblock_section av-av_textblock-2bd894dbf2e4bf2c4acf98ce4fbf94aa\">\n<h2>Datos de la empresa<\/h2>\n<p class=\"bodytext\">Direcci\u00f3n para correspondencia:<\/p>\n<p class=\"bodytext\"><b>Solidus Holding B.V.<br \/>\n<\/b>Postbus 2<br \/>\n 9665 ZG Oude Pekela, Pa\u00edses Bajos<\/p>\n<p class=\"bodytext\">Domicilio social:<\/p>\n<p class=\"bodytext\"><b>Solidus Holding B.V.<br \/>\n<\/b>Hoofdstraat 34<br \/>\n9693 AH Bad Nieuweschans, Pa\u00edses Bajos<br \/>\n N\u00famero de establecimiento:<b> <\/b>000031570763<br \/>\nRSIN:<b> <\/b>854872358<br \/>\nC\u00f3digo SBI:<b> <\/b>6420 &#8211; Participaciones financieras<br \/>\nN\u00famero KvK:<b> <\/b>62575228<\/p>\n<\/section>\n","protected":false},"excerpt":{"rendered":"<p>Solidus se compromete a proteger su privacidad y sus datos personales. Esta declaraci\u00f3n de privacidad (&#8220;Declaraci\u00f3n de Privacidad&#8221;) explica c\u00f3mo Solidus y sus socios y<\/p>\n","protected":false},"author":6,"featured_media":0,"parent":0,"menu_order":0,"comment_status":"closed","ping_status":"closed","template":"","meta":{"_acf_changed":false,"_sitemap_exclude":false,"_sitemap_priority":"","_sitemap_frequency":"","footnotes":""},"class_list":["post-5878","page","type-page","status-publish","hentry"],"acf":[],"_links":{"self":[{"href":"https:\/\/solidus.com\/es\/wp-json\/wp\/v2\/pages\/5878","targetHints":{"allow":["GET"]}}],"collection":[{"href":"https:\/\/solidus.com\/es\/wp-json\/wp\/v2\/pages"}],"about":[{"href":"https:\/\/solidus.com\/es\/wp-json\/wp\/v2\/types\/page"}],"author":[{"embeddable":true,"href":"https:\/\/solidus.com\/es\/wp-json\/wp\/v2\/users\/6"}],"replies":[{"embeddable":true,"href":"https:\/\/solidus.com\/es\/wp-json\/wp\/v2\/comments?post=5878"}],"version-history":[{"count":0,"href":"https:\/\/solidus.com\/es\/wp-json\/wp\/v2\/pages\/5878\/revisions"}],"wp:attachment":[{"href":"https:\/\/solidus.com\/es\/wp-json\/wp\/v2\/media?parent=5878"}],"curies":[{"name":"wp","href":"https:\/\/api.w.org\/{rel}","templated":true}]}}