{"id":5868,"date":"2022-10-12T13:32:05","date_gmt":"2022-10-12T13:32:05","guid":{"rendered":"https:\/\/solidus.com\/aviso-legal\/"},"modified":"2022-10-12T13:32:05","modified_gmt":"2022-10-12T13:32:05","slug":"aviso-legal","status":"publish","type":"page","link":"https:\/\/solidus.com\/es\/aviso-legal\/","title":{"rendered":"Aviso legal"},"content":{"rendered":"<p class=\"bodytext\">Al acceder y utilizar el sitio web de SOLIDUS SOLUTIONS, usted acepta los siguientes t\u00e9rminos y condiciones. No utilice estas p\u00e1ginas si no est\u00e1 de acuerdo con todos los t\u00e9rminos y condiciones a continuaci\u00f3n.<\/p>\n<p class=\"bodytext\">Estas p\u00e1ginas web, incluyendo los contenidos as\u00ed como la selecci\u00f3n y disposici\u00f3n de los contenidos de cada p\u00e1gina individual, de la colecci\u00f3n de las p\u00e1ginas, y de los datos u otros materiales accesibles a trav\u00e9s de las p\u00e1ginas, son propiedad en su totalidad de SOLIDUS SOLUTIONS. Todos los derechos reservados.<\/p>\n<p class=\"bodytext\">Se le autoriza a almacenar extractos de las p\u00e1ginas de SOLIDUS SOLUTIONS en su ordenador y a imprimir copias de las mismas \u00fanicamente para su uso personal y no comercial, as\u00ed como a visualizar y mostrar al p\u00fablico las p\u00e1ginas de SOLIDUS SOLUTIONS. Se le permite utilizar y distribuir extractos menores necesarios de las p\u00e1ginas de SOLIDUS SOLUTIONS para proporcionar enlaces directos a las p\u00e1ginas o enlaces mediante servicios de b\u00fasqueda en Internet. Queda prohibido cualquier otro tipo de utilizaci\u00f3n, reproducci\u00f3n, traducci\u00f3n, adaptaci\u00f3n, arreglo, cualquier otra alteraci\u00f3n, distribuci\u00f3n o almacenamiento de las p\u00e1ginas de SOLIDUS SOLUTIONS en cualquier forma y por cualquier medio, en todo o en parte, sin la previa autorizaci\u00f3n por escrito de SOLIDUS SOLUTIONS.<\/p>\n<p class=\"bodytext\">Las p\u00e1ginas web de SOLIDUS SOLUTIONS se proporcionan tal cual y sin garant\u00edas de ning\u00fan tipo, ya sean expresas o impl\u00edcitas, en relaci\u00f3n con la exactitud, precisi\u00f3n, fiabilidad o disponibilidad de estas p\u00e1ginas o de cualquier otro modo. SOLIDUS SOLUTIONS no garantiza que estas p\u00e1ginas o el servidor que las pone a disposici\u00f3n est\u00e9n libres de virus o de otros componentes da\u00f1inos. SOLIDUS SOLUTIONS se reserva el derecho a revisar las p\u00e1ginas web o retirar el acceso a las mismas en cualquier momento. SOLIDUS SOLUTIONS no asume ninguna responsabilidad por el material creado o publicado por terceros que las p\u00e1ginas web de SOLIDUS SOLUTIONS incluyan a trav\u00e9s de un enlace.<\/p>\n<p class=\"bodytext\">Bajo ninguna circunstancia, incluyendo pero no limit\u00e1ndose a la negligencia, SOLIDUS SOLUTIONS, ni ninguno de sus directores, funcionarios o empleados ser\u00e1n responsables de ning\u00fan da\u00f1o directo, indirecto, especial, incidental o consecuente que resulte del uso o de la incapacidad de usar estas p\u00e1ginas.<\/p>\n<p class=\"bodytext\">La marca SOLIDUS SOLUTIONS y los nombres comerciales relacionados se utilizan bajo licencia de GIP Development SARL, www.gip-development.lu. Si descarga cualquier informaci\u00f3n o material de este sitio, acepta que no lo copiar\u00e1 ni eliminar\u00e1 u ocultar\u00e1 ning\u00fan derecho de autor u otros avisos o leyendas contenidos en dicha informaci\u00f3n.<\/p>\n<p class=\"bodytext\"><span lang=\"es-ES\">Se puede acceder a este sitio desde varios pa\u00edses del mundo. Como cada uno de estos pa\u00edses tiene leyes que pueden diferir de las de los Pa\u00edses Bajos, al acceder a este sitio web usted acepta que las leyes de los Pa\u00edses Bajos se aplicar\u00e1n a todas las cuestiones derivadas o relacionadas con el uso y el contenido de este sitio web o la informaci\u00f3n que se le proporcione a trav\u00e9s de este sitio web. Tambi\u00e9n acepta someterse a la jurisdicci\u00f3n exclusiva de los tribunales competentes de los Pa\u00edses Bajos con respecto a dichos asuntos.<\/span><\/p>\n<p><strong>Concepto, dise\u00f1o y realizaci\u00f3n <\/strong><\/p>\n<p>Benner+Partner GmbH<br \/>\nImmenhoferstra\u00dfe 17\/1 70180 Stuttgart <\/p>\n<p>Tel.: +49-711-23952-0<br \/>\n Correo electr\u00f3nico: <a href=\"mailto:stuttgart@benner-partner.de\">stuttgart@benner-partner.de<\/a><\/p>\n","protected":false},"excerpt":{"rendered":"<p>Al acceder y utilizar el sitio web de SOLIDUS SOLUTIONS, usted acepta los siguientes t\u00e9rminos y condiciones. No utilice estas p\u00e1ginas si no est\u00e1 de<\/p>\n","protected":false},"author":6,"featured_media":0,"parent":0,"menu_order":0,"comment_status":"closed","ping_status":"closed","template":"","meta":{"_acf_changed":false,"_sitemap_exclude":false,"_sitemap_priority":"","_sitemap_frequency":"","footnotes":""},"class_list":["post-5868","page","type-page","status-publish","hentry"],"acf":[],"_links":{"self":[{"href":"https:\/\/solidus.com\/es\/wp-json\/wp\/v2\/pages\/5868","targetHints":{"allow":["GET"]}}],"collection":[{"href":"https:\/\/solidus.com\/es\/wp-json\/wp\/v2\/pages"}],"about":[{"href":"https:\/\/solidus.com\/es\/wp-json\/wp\/v2\/types\/page"}],"author":[{"embeddable":true,"href":"https:\/\/solidus.com\/es\/wp-json\/wp\/v2\/users\/6"}],"replies":[{"embeddable":true,"href":"https:\/\/solidus.com\/es\/wp-json\/wp\/v2\/comments?post=5868"}],"version-history":[{"count":0,"href":"https:\/\/solidus.com\/es\/wp-json\/wp\/v2\/pages\/5868\/revisions"}],"wp:attachment":[{"href":"https:\/\/solidus.com\/es\/wp-json\/wp\/v2\/media?parent=5868"}],"curies":[{"name":"wp","href":"https:\/\/api.w.org\/{rel}","templated":true}]}}