{"id":7585,"date":"2022-10-12T13:31:59","date_gmt":"2022-10-12T13:31:59","guid":{"rendered":"https:\/\/solidus.com\/erklaerung-zum-datenschutz\/"},"modified":"2022-10-12T13:31:59","modified_gmt":"2022-10-12T13:31:59","slug":"erklaerung-zum-datenschutz","status":"publish","type":"page","link":"https:\/\/solidus.com\/de\/erklaerung-zum-datenschutz\/","title":{"rendered":"Erkl\u00e4rung zum Datenschutz"},"content":{"rendered":"<section class=\"av_textblock_section av-av_textblock-2bd894dbf2e4bf2c4acf98ce4fbf94aa\">\n<p class=\"bodytext\">Solidus verpflichtet sich, Ihre Privatsph\u00e4re und Ihre pers\u00f6nlichen Daten zu sch\u00fctzen. In dieser Datenschutzerkl\u00e4rung (\u201eDatenschutzerkl\u00e4rung\u201c) wird erl\u00e4utert, wie Solidus und seine autorisierten Partner und verbundenen Unternehmen (\u201eSolidus\u201c) pers\u00f6nliche Daten in Verbindung mit Solidus-Solutions.com und anderen Solidus-Websites (\u201eWebsite\u201c) verarbeiten.<\/p>\n<p class=\"bodytext\">In dieser Datenschutzerkl\u00e4rung bezeichnet der Begriff \u201epersonenbezogene Daten\u201c alle Informationen \u00fcber Sie, die pers\u00f6nlich identifizierbar sind, wie z. B. Ihren Namen, Ihre Adresse, Ihre Telefonnummer, Ihre E-Mail-Adresse oder andere von Ihnen angegebene pers\u00f6nliche Daten.<\/p>\n<p class=\"bodytext\">Bitte lesen Sie diese Datenschutzerkl\u00e4rung sorgf\u00e4ltig durch, bevor Sie auf die Website zugreifen. Wenn Sie mit dieser Datenschutzerkl\u00e4rung nicht einverstanden sind, erwarten wir, dass Sie diese Website verlassen.<\/p>\n<h2>PERSONENBEZOGENE DATEN<\/h2>\n<p class=\"bodytext\">Solidus verarbeitet Ihre personenbezogenen Daten in \u00dcbereinstimmung mit der EG-Datenschutzrichtlinie 95\/46\/EG und den einzelstaatlichen Rechtsvorschriften zur Umsetzung dieser Richtlinie \u00fcber personenbezogene Daten.<\/p>\n<p class=\"bodytext\">Solidus kann pers\u00f6nliche Daten erfassen, die Sie bei der Nutzung der Website freiwillig angeben. Durch die Nutzung dieser Website oder die \u00dcbermittlung Ihrer pers\u00f6nlichen Daten erkl\u00e4ren Sie sich damit einverstanden, dass Solidus Ihre pers\u00f6nlichen Daten wie hier beschrieben verarbeitet.<\/p>\n<p class=\"bodytext\">Solidus benachrichtigt Sie immer, wenn es personenbezogene Daten \u00fcber die Website sammelt.<\/p>\n<p class=\"bodytext\">Personenbezogene Daten, die \u00fcber die Website erhoben werden, sind allgemeine Kontakt- und personenbezogene Daten wie Name, Adresse, E-Mail, Telefon, Organisation des Abonnenten, Informationen \u00fcber Kontaktanfragen von Personen, Informationen, die f\u00fcr Einstellungs- und Personalzwecke erforderlich sind, sowie andere Informationen, die f\u00fcr die Verwaltung der Website und die Bereitstellung der darin enthaltenen Dienste erforderlich sind.<\/p>\n<h2>ZWECK DER VERARBEITUNG<\/h2>\n<p class=\"bodytext\">Die \u00fcber die Website erhobenen personenbezogenen Daten werden zu folgenden Zwecken verarbeitet<\/p>\n<p class=\"bodytext\">&#8211; Verwaltung und Kommunikation von Kunden-, Anleger- und Medienbeziehungen, &#8211; Bearbeitung von Kontaktanfragen und Kursabonnements, &#8211; Bereitstellung von Marketinginformationen, &#8211; Personalbeschaffung und -verwaltung sowie &#8211; Bearbeitung anderer Angelegenheiten im Zusammenhang mit der Verwaltung und Entwicklung der Website und der darin angebotenen Dienste.<\/p>\n<p class=\"bodytext\">Wir werden sie nicht l\u00e4nger aufbewahren, als es f\u00fcr diese Zwecke gesetzlich zul\u00e4ssig ist.<\/p>\n<h2>\u00dcBERMITTLUNG VON PERSONENBEZOGENEN DATEN<\/h2>\n<p class=\"bodytext\">Personenbezogene Daten k\u00f6nnen innerhalb der Solidus-Unternehmensgruppe \u00fcbermittelt werden. Bevollm\u00e4chtigte Drittdienstleister k\u00f6nnen im Auftrag der Unternehmen der Solidus-Gruppe personenbezogene Daten im Hinblick auf die Gesch\u00e4ftsanforderungen von Solidus verarbeiten.<\/p>\n<p class=\"bodytext\">Personenbezogene Daten k\u00f6nnen in L\u00e4nder au\u00dferhalb der EU oder des EWR \u00fcbermittelt werden. Diese \u00dcbermittlungen erfolgen im Einklang mit der EG-Datenschutzrichtlinie und den nationalen Rechtsvorschriften zur Umsetzung dieser Richtlinie. Grundlage f\u00fcr die \u00dcbertragung sind die von der EU-Kommission genehmigten Modellklauseln.<\/p>\n<p class=\"bodytext\">Mit der \u00dcbermittlung Ihrer personenbezogenen Daten erkl\u00e4ren Sie sich mit dieser \u00dcbermittlung, Speicherung oder Verarbeitung einverstanden. Solidus unternimmt alle angemessenen Schritte, um sicherzustellen, dass Ihre Daten sicher und in \u00dcbereinstimmung mit dieser Datenschutzrichtlinie behandelt werden. Solidus beh\u00e4lt sich das Recht vor, personenbezogene Daten zu \u00fcbermitteln, wenn dies durch zwingende Rechtsvorschriften oder Beh\u00f6rden vorgeschrieben ist. Solidus kann zusammengefasste Statistiken \u00fcber seine Kunden, Verk\u00e4ufe, Verkehrsmuster und andere damit zusammenh\u00e4ngende Website-Informationen an seri\u00f6se Dritte weitergeben, aber diese Statistiken enthalten keine pers\u00f6nlichen Daten.<\/p>\n<h2>IHRE RECHTE<\/h2>\n<p class=\"bodytext\">Sie haben das Recht zu erfahren, welche personenbezogenen Daten wir \u00fcber Sie gespeichert haben. Sie k\u00f6nnen sich an Solidus wenden, um die Richtigkeit der Sie betreffenden personenbezogenen Daten zu \u00fcberpr\u00fcfen. Auf Ihren Wunsch hin berichtigt oder l\u00f6scht Solidus alle unvollst\u00e4ndigen, unrichtigen oder veralteten personenbezogenen Daten.<\/p>\n<p>Wenn Sie der Verarbeitung Ihrer personenbezogenen Daten zugestimmt haben, haben Sie das Recht, diese Zustimmung zu widerrufen, indem Sie eine E-Mail an compliance@solidus-solutions.com senden. Nach Pr\u00fcfung Ihres Antrags wird Solidus Ihre personenbezogenen Daten l\u00f6schen.<\/p>\n<h2>IP-ADRESSEN, COOKIES UND ANDERE TOOLS<\/h2>\n<p class=\"bodytext\">Solidus kann Informationen \u00fcber Ihren Computer sammeln, einschlie\u00dflich, sofern verf\u00fcgbar, Ihrer IP-Adresse, Ihres Betriebssystems und Ihres Browsertyps, sowie zur Systemverwaltung. Dabei handelt es sich um statistische Daten \u00fcber die Browsing-Aktivit\u00e4ten und -Muster der Solidus-Nutzer, die keine R\u00fcckschl\u00fcsse auf einzelne Personen zulassen.<\/p>\n<p class=\"bodytext\">Aus demselben Grund kann Solidus Informationen \u00fcber die Nutzung der Solidus-Website mit Hilfe einer Cookie-Datei erhalten, die auf der Festplatte Ihres Computers gespeichert wird. Cookies enthalten Informationen, die auf die Festplatte Ihres Computers \u00fcbertragen werden. Sie helfen uns, unsere Website zu verbessern und einen besseren und pers\u00f6nlicheren Service zu bieten. Sie bef\u00e4higen uns:<\/p>\n<p class=\"bodytext\">&#8211; Sch\u00e4tzung der Gr\u00f6\u00dfe und des Nutzungsverhaltens unserer Zielgruppe.<\/p>\n<p class=\"bodytext\">&#8211; Zur Speicherung von Informationen \u00fcber Ihre Pr\u00e4ferenzen, damit wir unsere Website an Ihre individuellen Interessen anpassen k\u00f6nnen.<\/p>\n<p class=\"bodytext\">&#8211; Um Ihre Suche zu beschleunigen.<\/p>\n<p class=\"bodytext\">&#8211; Um Sie zu erkennen, wenn Sie auf unsere Website zur\u00fcckkehren.<\/p>\n<p class=\"bodytext\">Sie k\u00f6nnen die Annahme von Cookies verweigern, indem Sie die Einstellung Ihres Browsers aktivieren, die es Ihnen erlaubt, das Setzen von Cookies abzulehnen. Wenn Sie diese Einstellung w\u00e4hlen, kann es jedoch sein, dass Sie auf bestimmte Teile der Website nicht zugreifen k\u00f6nnen. Sofern Sie Ihren Browser nicht so eingestellt haben, dass er Cookies ablehnt, wird das System von Solidus Cookies setzen, wenn Sie sich auf unserer Website anmelden. Dar\u00fcber hinaus kann Solidus die IP-Adressen von Unternehmen f\u00fcr die Lead-Generierung und die Erschlie\u00dfung neuer Interessenten nutzen, ohne dass eine Person identifiziert wird.<\/p>\n<h2>GOOGLE ANALYTICS<\/h2>\n<p class=\"bodytext\">Diese Website benutzt Google Analytics, einen Webanalysedienst der Google Inc. (\u201eGoogle\u201c). Die durch den Cookie erzeugten Informationen \u00fcber Ihre Benutzung dieser Website (einschlie\u00dflich Ihrer IP-Adresse) werden an einen Server von Google in den Vereinigten Staaten \u00fcbertragen und dort gespeichert.<\/p>\n<p class=\"bodytext\">Google wird diese Informationen benutzen, um Ihre Nutzung der Website auszuwerten, um Reports \u00fcber die Websiteaktivit\u00e4ten f\u00fcr die Websitebetreiber zusammenzustellen und um weitere mit der Websitenutzung und der Internetnutzung verbundene Dienstleistungen zu erbringen. Auch wird Google diese Informationen gegebenenfalls an Dritte \u00fcbertragen, sofern dies gesetzlich vorgeschrieben oder soweit Dritte diese Daten im Auftrag von Google verarbeiten.<\/p>\n<p class=\"bodytext\">Google wird Ihre IP-Adresse nicht mit anderen von Google gespeicherten Daten in Verbindung bringen. Sie k\u00f6nnen die Installation der Cookies durch eine entsprechende Einstellung Ihrer Browsersoftware verhindern; wir weisen Sie jedoch darauf hin, dass Sie in diesem Fall gegebenenfalls nicht s\u00e4mtliche Funktionen dieser Website voll umf\u00e4nglich nutzen k\u00f6nnen. Durch die Nutzung dieser Website erkl\u00e4ren Sie sich mit der Bearbeitung der \u00fcber Sie erhobenen Daten durch Google in der zuvor beschriebenen Art und Weise und zu dem zuvor benannten Zweck einverstanden.<\/p>\n<h2>DATEIBESCHREIBUNGEN UND KONTAKTAUFNAHME MIT SOLIDUS SOLUTIONS<\/h2>\n<p>Wenn Sie Fragen zu dieser Datenschutzerkl\u00e4rung haben oder sich Sorgen dar\u00fcber machen, wie Ihre pers\u00f6nlichen Daten von Solidus verarbeitet werden, wenden Sie sich bitte an Solidus, indem Sie eine E-Mail an compliance@solidus-solutions.com senden.<\/p>\n<h2>\u00c4NDERUNGEN DER DATENSCHUTZERKL\u00c4RUNG<\/h2>\n<p>Solidus beh\u00e4lt sich das Recht vor, diese Datenschutzerkl\u00e4rung und die damit verbundene Dateibeschreibung jederzeit zu \u00e4ndern. Solidus wird die Betroffenen informieren, wenn sich solche \u00c4nderungen auf ihre Privatsph\u00e4re auswirken.<\/p>\n<p>Letzte Aktualisierung: Januar 2020 (Version 3.0)<\/p>\n<\/section>\n<section class=\"av_textblock_section av-av_textblock-2bd894dbf2e4bf2c4acf98ce4fbf94aa\">\n<p>Allgemeine Verkaufsbedingungen<\/p>\n<p class=\"bodytext\">Download: <a href=\"https:\/\/solidus.com\/wp-content\/uploads\/2023\/02\/General_conditions_of_sales_EN.pdf\" rel=\"noopener noreferrer\" target=\"_blank\">Allgemeine Verkaufsbedingungen<\/a><\/p>\n<\/section>\n<section class=\"av_textblock_section av-av_textblock-2bd894dbf2e4bf2c4acf98ce4fbf94aa\">\n<h2>Angaben zum Unternehmen<\/h2>\n<p class=\"bodytext\">Korrespondenzadresse:<\/p>\n<p class=\"bodytext\"><b>Solidus Holding B.V.<\/b>Postbus 2 9665 ZG Oude Pekela, Niederlande<\/p>\n<p class=\"bodytext\">Eingetragener Sitz:<\/p>\n<p class=\"bodytext\"><b>Solidus Holding B.V.<br \/>\n<\/b>Hoofdstraat 34 9693 AH<br \/>\nBad Nieuweschans, Niederlande<br \/>\nNiederlassungsnummer:<b> <\/b>000031570763<br \/>\nRSIN:<b> <\/b>854872358<br \/>\nSBI-Code:<b> <\/b>6420 &#8211; Finanzielle Beteiligungen<br \/>\nKvK-Nummer:<b> <\/b>62575228<\/p>\n<\/section>\n","protected":false},"excerpt":{"rendered":"<p>Solidus verpflichtet sich, Ihre Privatsph\u00e4re und Ihre pers\u00f6nlichen Daten zu sch\u00fctzen. In dieser Datenschutzerkl\u00e4rung (\u201eDatenschutzerkl\u00e4rung\u201c) wird erl\u00e4utert, wie Solidus und seine autorisierten Partner und verbundenen<\/p>\n","protected":false},"author":6,"featured_media":0,"parent":0,"menu_order":0,"comment_status":"closed","ping_status":"closed","template":"","meta":{"_acf_changed":false,"_sitemap_exclude":false,"_sitemap_priority":"","_sitemap_frequency":"","footnotes":""},"class_list":["post-7585","page","type-page","status-publish","hentry"],"acf":[],"_links":{"self":[{"href":"https:\/\/solidus.com\/de\/wp-json\/wp\/v2\/pages\/7585","targetHints":{"allow":["GET"]}}],"collection":[{"href":"https:\/\/solidus.com\/de\/wp-json\/wp\/v2\/pages"}],"about":[{"href":"https:\/\/solidus.com\/de\/wp-json\/wp\/v2\/types\/page"}],"author":[{"embeddable":true,"href":"https:\/\/solidus.com\/de\/wp-json\/wp\/v2\/users\/6"}],"replies":[{"embeddable":true,"href":"https:\/\/solidus.com\/de\/wp-json\/wp\/v2\/comments?post=7585"}],"version-history":[{"count":0,"href":"https:\/\/solidus.com\/de\/wp-json\/wp\/v2\/pages\/7585\/revisions"}],"wp:attachment":[{"href":"https:\/\/solidus.com\/de\/wp-json\/wp\/v2\/media?parent=7585"}],"curies":[{"name":"wp","href":"https:\/\/api.w.org\/{rel}","templated":true}]}}