{"id":7576,"date":"2022-10-12T13:32:05","date_gmt":"2022-10-12T13:32:05","guid":{"rendered":"https:\/\/solidus.com\/rechtlicher-hinweis\/"},"modified":"2022-10-12T13:32:05","modified_gmt":"2022-10-12T13:32:05","slug":"rechtlicher-hinweis","status":"publish","type":"page","link":"https:\/\/solidus.com\/de\/rechtlicher-hinweis\/","title":{"rendered":"Rechtlicher Hinweis"},"content":{"rendered":"<p class=\"bodytext\">Mit dem Zugriff auf die Website von SOLIDUS SOLUTIONS und deren Nutzung erkl\u00e4ren Sie sich mit den folgenden Bedingungen einverstanden. Nutzen Sie diese Seiten nicht, wenn Sie nicht mit allen folgenden Bedingungen einverstanden sind.<\/p>\n<p class=\"bodytext\">Diese Webseiten, einschlie\u00dflich des Inhalts sowie der Auswahl und Anordnung des Inhalts jeder einzelnen Seite, der Zusammenstellung der Seiten und der Daten oder anderer Materialien, die \u00fcber die Seiten zug\u00e4nglich sind, sind vollst\u00e4ndig Eigentum von SOLIDUS SOLUTIONS. Alle Rechte vorbehalten.<\/p>\n<p class=\"bodytext\">Es ist Ihnen gestattet, Ausz\u00fcge aus den Seiten von SOLIDUS SOLUTIONS auf Ihrem Computer zu speichern und Kopien davon ausschlie\u00dflich f\u00fcr Ihren pers\u00f6nlichen, nichtkommerziellen Gebrauch auszudrucken sowie die Seiten von SOLIDUS SOLUTIONS \u00f6ffentlich zu zeigen. Sie sind berechtigt, notwendige kleinere Ausz\u00fcge aus den Seiten von SOLIDUS SOLUTIONS zu verwenden und zu verbreiten, um eine direkte Verlinkung zu den Seiten oder eine Verlinkung durch Internet-Suchdienste herzustellen. Jede andere Art der Nutzung, Vervielf\u00e4ltigung, \u00dcbersetzung, Anpassung, Anordnung, sonstigen Ver\u00e4nderung, Verbreitung oder Speicherung der Seiten von SOLIDUS SOLUTIONS in jeglicher Form und mit jeglichen Mitteln, ganz oder teilweise, ist ohne vorherige schriftliche Genehmigung von SOLIDUS SOLUTIONS untersagt.<\/p>\n<p class=\"bodytext\">Die Webseiten von SOLIDUS SOLUTIONS werden in der vorliegenden Form und ohne jegliche ausdr\u00fcckliche oder stillschweigende Gew\u00e4hrleistung in Bezug auf die Richtigkeit, Genauigkeit, Zuverl\u00e4ssigkeit oder Verf\u00fcgbarkeit dieser Seiten oder anderweitig bereitgestellt. SOLIDUS SOLUTIONS \u00fcbernimmt keine Garantie daf\u00fcr, dass diese Seiten oder der Server, der sie zur Verf\u00fcgung stellt, frei von Viren oder anderen sch\u00e4dlichen Komponenten sind. SOLIDUS SOLUTIONS beh\u00e4lt sich das Recht vor, die Webseiten jederzeit zu \u00fcberarbeiten oder den Zugang zu ihnen zu sperren. SOLIDUS SOLUTIONS \u00fcbernimmt keine Verantwortung f\u00fcr Material, das von Dritten erstellt oder ver\u00f6ffentlicht wird und zu dem die SOLIDUS SOLUTIONS-Webseiten einen Link enthalten.<\/p>\n<p class=\"bodytext\">Unter keinen Umst\u00e4nden, einschlie\u00dflich, aber nicht beschr\u00e4nkt auf Fahrl\u00e4ssigkeit, haftet SOLIDUS SOLUTIONS, noch einer seiner Direktoren, leitenden Angestellten oder Mitarbeiter f\u00fcr direkte, indirekte, besondere, zuf\u00e4llige oder Folgesch\u00e4den, die aus der Nutzung oder der Unm\u00f6glichkeit der Nutzung dieser Seiten entstehen.<\/p>\n<p class=\"bodytext\">Die Marke SOLIDUS SOLUTIONS und die zugeh\u00f6rigen Handelsnamen werden unter Lizenz von GIP Development SARL, www.gip-development.lu, verwendet. Wenn Sie Informationen oder Materialien von dieser Website herunterladen, verpflichten Sie sich, diese nicht zu kopieren und keine Urheberrechts- oder sonstigen Hinweise oder Legenden zu entfernen oder zu verdecken, die in diesen Informationen enthalten sind.<\/p>\n<p class=\"bodytext\"><span lang=\"de-DE\">Auf diese Website kann von verschiedenen L\u00e4ndern der Welt aus zugegriffen werden. Da in jedem dieser L\u00e4nder andere Gesetze gelten als in den Niederlanden, erkl\u00e4ren Sie sich durch den Zugriff auf diese Website damit einverstanden, dass die Gesetze der Niederlande f\u00fcr alle Angelegenheiten gelten, die sich aus der Nutzung und dem Inhalt dieser Website oder den Ihnen \u00fcber diese Website zur Verf\u00fcgung gestellten Informationen ergeben oder damit in Zusammenhang stehen. Sie erkl\u00e4ren sich au\u00dferdem damit einverstanden, sich in solchen Angelegenheiten der ausschlie\u00dflichen Gerichtsbarkeit der zust\u00e4ndigen Gerichte der Niederlande zu unterwerfen.<\/span><\/p>\n<p><strong>Konzept, Gestaltung und Realisierung<\/strong>Benner+Partner GmbH Immenhoferstra\u00dfe 17\/1 70180 Stuttgart Tel.: +49-711-23952-0 E-Mail: <a href=\"mailto:stuttgart@benner-partner.de\">stuttgart@benner-partner.de<\/a><\/p>\n","protected":false},"excerpt":{"rendered":"<p>Mit dem Zugriff auf die Website von SOLIDUS SOLUTIONS und deren Nutzung erkl\u00e4ren Sie sich mit den folgenden Bedingungen einverstanden. Nutzen Sie diese Seiten nicht,<\/p>\n","protected":false},"author":6,"featured_media":0,"parent":0,"menu_order":0,"comment_status":"closed","ping_status":"closed","template":"","meta":{"_acf_changed":false,"_sitemap_exclude":false,"_sitemap_priority":"","_sitemap_frequency":"","footnotes":""},"class_list":["post-7576","page","type-page","status-publish","hentry"],"acf":[],"_links":{"self":[{"href":"https:\/\/solidus.com\/de\/wp-json\/wp\/v2\/pages\/7576","targetHints":{"allow":["GET"]}}],"collection":[{"href":"https:\/\/solidus.com\/de\/wp-json\/wp\/v2\/pages"}],"about":[{"href":"https:\/\/solidus.com\/de\/wp-json\/wp\/v2\/types\/page"}],"author":[{"embeddable":true,"href":"https:\/\/solidus.com\/de\/wp-json\/wp\/v2\/users\/6"}],"replies":[{"embeddable":true,"href":"https:\/\/solidus.com\/de\/wp-json\/wp\/v2\/comments?post=7576"}],"version-history":[{"count":0,"href":"https:\/\/solidus.com\/de\/wp-json\/wp\/v2\/pages\/7576\/revisions"}],"wp:attachment":[{"href":"https:\/\/solidus.com\/de\/wp-json\/wp\/v2\/media?parent=7576"}],"curies":[{"name":"wp","href":"https:\/\/api.w.org\/{rel}","templated":true}]}}